{"id":216549,"date":"2018-12-31T13:18:20","date_gmt":"2018-12-31T13:18:20","guid":{"rendered":"https:\/\/jacoholidays.com\/tranopy-tour-rainforest-adventures\/"},"modified":"2020-09-15T23:48:39","modified_gmt":"2020-09-15T23:48:39","slug":"tour-de-tranopy","status":"publish","type":"page","link":"https:\/\/jacoholidays.com\/es\/tours-actividades\/tours-de-canopy\/tour-de-tranopy\/","title":{"rendered":"Tour Tranopy &#8211; Aventuras en la selva tropical"},"content":{"rendered":"<p>[et_pb_section fb_built=\u00bb1&#8243; inner_shadow=\u00bbon\u00bb _builder_version=\u00bb3.22&#8243;][et_pb_row column_structure=\u00bb1_2,1_2&#8243; _builder_version=\u00bb3.25&#8243;][et_pb_column type=\u00bb1_2&#8243; _builder_version=\u00bb3.25&#8243; custom_padding=\u00bb|||\u00bb custom_padding__hover=\u00bb|||\u00bb][et_pb_text _builder_version=\u00bb3.27.4&#8243;]<\/p>\n<p>\n<script type=\"text\/javascript\">\r\n\tjQuery( document ).ready(function( jQuery ) {\r\n\t\tjQuery( '#example3_215582' ).sliderPro({\r\n\t\t\t\/\/width\r\n\t\t\t\t\t\twidth: 1000,\r\n\t\t\t\t\t\t\r\n\t\t\t\/\/height\r\n\t\t\t\t\t\theight: 500,\r\n\t\t\t\t\t\t\r\n\t\t\t\/\/autoplay\r\n\t\t\t\t\t\tautoplay:  true,\r\n\t\t\tautoplayOnHover: 'none',\r\n\t\t\t\t\t\t\t\t\t\t\t\tautoplayDelay: 5000,\r\n\t\t\t\r\n\t\t\t\r\n\t\t\tarrows: true,\r\n\t\t\tbuttons: true,\r\n\t\t\tsmallSize: 500,\r\n\t\t\tmediumSize: 1000,\r\n\t\t\tlargeSize: 3000,\r\n\t\t\tfade: true,\r\n\t\t\t\r\n\t\t\t\/\/thumbnail\r\n\t\t\tthumbnailArrows: true,\r\n\t\t\tthumbnailWidth: 120,\r\n\t\t\tthumbnailHeight: 120,\r\n\t\t\t\t\t\t\t\t\tthumbnailsPosition: 'bottom',\r\n\t\t\t\t\t\t\t\t\tcenterImage: true,\r\n\t\t\tallowScaleUp: true,\r\n\t\t\t\t\t\tstartSlide: 0,\r\n\t\t\tloop: true,\r\n\t\t\tslideDistance: 5,\r\n\t\t\tautoplayDirection: 'normal',\r\n\t\t\ttouchSwipe: true,\r\n\t\t\tfullScreen: true,\r\n\t\t});\r\n\t});\r\n<\/script>\r\n<style>\r\n\/* Example 3 *\/\r\n\r\n\/* border *\/\r\n#example3_215582 .sp-selected-thumbnail {\r\n\tborder: 4px solid #000000;\r\n}\r\n\r\n\/* font + color *\/\r\n.title-in  {\r\n\tfont-family: Arial !important;\r\n\tcolor: #00000 !important;\r\n\tbackground-color: #FFFFFF !important;\r\n\topacity: 0.7 !important;\r\n}\r\n.desc-in  {\r\n\tfont-family: Arial !important;\r\n\tcolor: #FFFFFF !important;\r\n\tbackground-color: #00000 !important;\r\n\topacity: 0.7 !important;\r\n}\r\n\r\n\/* bullets color *\/\r\n.sp-button  {\r\n\tborder: 2px solid #000000 !important;\r\n}\r\n.sp-selected-button  {\r\n\tbackground-color: #000000 !important;\r\n}\r\n\r\n\/* pointer color - bottom *\/\r\n.sp-selected-thumbnail::before {\r\n\tborder-bottom: 5px solid #000000 !important;\r\n}\r\n.sp-selected-thumbnail::after {\r\n\tborder-bottom: 13px solid #000000 !important;\r\n}\r\n\r\n\/* pointer color - top *\/\r\n\r\n\r\n\/* full screen icon *\/\r\n.sp-full-screen-button::before {\r\n    color: #FFFFFF !important;\r\n}\r\n\r\n\/* hover navigation icon color *\/\r\n.sp-next-arrow::after, .sp-next-arrow::before {\r\n\tbackground-color: #FFFFFF !important;\r\n}\r\n.sp-previous-arrow::after, .sp-previous-arrow::before {\r\n\tbackground-color: #FFFFFF !important;\r\n}\r\n\r\n\r\n#example3_215582 .title-in {\r\n\tcolor:  !important;\r\n\tfont-weight: bolder;\r\n\ttext-align: center;\r\n}\r\n\r\n#example3_215582 .title-in-bg {\r\n\tbackground: rgba(255, 255, 255, 0.7); !important;\r\n\twhite-space: unset !important;\r\n\tmax-width: 90%;\r\n\tmin-width: 40%;\r\n\ttransform: initial !important;\r\n\t-webkit-transform: initial !important;\r\n\tfont-size: 14px !important;\r\n}\r\n\r\n#example3_215582 .desc-in {\r\n\tcolor:  !important;\r\n\ttext-align: center;\r\n}\r\n#example3_215582 .desc-in-bg {\r\n\tbackground: rgba(, ) !important;\r\n\twhite-space: unset !important;\r\n\twidth: 80% !important;\r\n\tmin-width: 30%;\r\n\ttransform: initial !important;\r\n\t-webkit-transform: initial !important;\r\n\tfont-size: 13px !important;\r\n}\r\n\r\n@media (max-width: 640px) {\r\n\t#example3_215582 .hide-small-screen {\r\n\t\tdisplay: none;\r\n\t}\r\n}\r\n\r\n@media (max-width: 860px) {\r\n\t#example3_215582 .sp-layer {\r\n\t\tfont-size: 18px;\r\n\t}\r\n\t\r\n\t#example3_215582 .hide-medium-screen {\r\n\t\tdisplay: none;\r\n\t}\r\n}\r\n\/* Custom CSS *\/\r\n<\/style>\r\n<h3 class=\"uris-slider-title\">Tranopy Tour Jaco <\/h3>\r\n<div id=\"example3_215582\" class=\"slider-pro\">\r\n\t<!---- slides div start ---->\r\n\t<div class=\"sp-slides\">\r\n\t\t\t\t<div class=\"sp-slide\">\r\n\t\t\t<img decoding=\"async\" class=\"sp-image\" alt=\"\" src=\"\" \r\n\t\t\t\tdata-src=\"https:\/\/jacoholidays.com\/wp-content\/uploads\/2018\/09\/tranopytour.jpeg\"\r\n\t\t\t\tdata-small=\"https:\/\/jacoholidays.com\/wp-content\/uploads\/2018\/09\/tranopytour.jpeg\"\r\n\t\t\t\tdata-medium=\"https:\/\/jacoholidays.com\/wp-content\/uploads\/2018\/09\/tranopytour.jpeg\"\r\n\t\t\t\tdata-large=\"https:\/\/jacoholidays.com\/wp-content\/uploads\/2018\/09\/tranopytour.jpeg\"\r\n\t\t\t\tdata-retina=\"https:\/\/jacoholidays.com\/wp-content\/uploads\/2018\/09\/tranopytour.jpeg\"\/>\r\n\r\n\t\t\t\r\n\t\t\t\t\t<\/div>\r\n\t\t\t\t<div class=\"sp-slide\">\r\n\t\t\t<img decoding=\"async\" class=\"sp-image\" alt=\"\" src=\"\" \r\n\t\t\t\tdata-src=\"https:\/\/jacoholidays.com\/wp-content\/uploads\/2018\/09\/ZipLineTranopy.jpeg\"\r\n\t\t\t\tdata-small=\"https:\/\/jacoholidays.com\/wp-content\/uploads\/2018\/09\/ZipLineTranopy.jpeg\"\r\n\t\t\t\tdata-medium=\"https:\/\/jacoholidays.com\/wp-content\/uploads\/2018\/09\/ZipLineTranopy.jpeg\"\r\n\t\t\t\tdata-large=\"https:\/\/jacoholidays.com\/wp-content\/uploads\/2018\/09\/ZipLineTranopy.jpeg\"\r\n\t\t\t\tdata-retina=\"https:\/\/jacoholidays.com\/wp-content\/uploads\/2018\/09\/ZipLineTranopy.jpeg\"\/>\r\n\r\n\t\t\t\r\n\t\t\t\t\t<\/div>\r\n\t\t\t\t<div class=\"sp-slide\">\r\n\t\t\t<img decoding=\"async\" class=\"sp-image\" alt=\"\" src=\"\" \r\n\t\t\t\tdata-src=\"https:\/\/jacoholidays.com\/wp-content\/uploads\/2018\/09\/Jacotranopy.jpeg\"\r\n\t\t\t\tdata-small=\"https:\/\/jacoholidays.com\/wp-content\/uploads\/2018\/09\/Jacotranopy.jpeg\"\r\n\t\t\t\tdata-medium=\"https:\/\/jacoholidays.com\/wp-content\/uploads\/2018\/09\/Jacotranopy.jpeg\"\r\n\t\t\t\tdata-large=\"https:\/\/jacoholidays.com\/wp-content\/uploads\/2018\/09\/Jacotranopy.jpeg\"\r\n\t\t\t\tdata-retina=\"https:\/\/jacoholidays.com\/wp-content\/uploads\/2018\/09\/Jacotranopy.jpeg\"\/>\r\n\r\n\t\t\t\r\n\t\t\t\t\t<\/div>\r\n\t\t\t\t<div class=\"sp-slide\">\r\n\t\t\t<img decoding=\"async\" class=\"sp-image\" alt=\"\" src=\"\" \r\n\t\t\t\tdata-src=\"https:\/\/jacoholidays.com\/wp-content\/uploads\/2018\/09\/JacoBeachTranopy.jpeg\"\r\n\t\t\t\tdata-small=\"https:\/\/jacoholidays.com\/wp-content\/uploads\/2018\/09\/JacoBeachTranopy.jpeg\"\r\n\t\t\t\tdata-medium=\"https:\/\/jacoholidays.com\/wp-content\/uploads\/2018\/09\/JacoBeachTranopy.jpeg\"\r\n\t\t\t\tdata-large=\"https:\/\/jacoholidays.com\/wp-content\/uploads\/2018\/09\/JacoBeachTranopy.jpeg\"\r\n\t\t\t\tdata-retina=\"https:\/\/jacoholidays.com\/wp-content\/uploads\/2018\/09\/JacoBeachTranopy.jpeg\"\/>\r\n\r\n\t\t\t\r\n\t\t\t\t\t<\/div>\r\n\t\t\t\t\r\n\t<\/div>\r\n\t\r\n\t<!---- slides div end ---->\r\n\t\t<!-- slides thumbnails div start -->\r\n\t<div class=\"sp-thumbnails\">\r\n\t\t\t\t\t<img decoding=\"async\" class=\"sp-thumbnail\" src=\"https:\/\/jacoholidays.com\/wp-content\/uploads\/2018\/09\/tranopytour-300x300.jpeg\"\/>\r\n\t\t\t\t\t<img decoding=\"async\" class=\"sp-thumbnail\" src=\"https:\/\/jacoholidays.com\/wp-content\/uploads\/2018\/09\/ZipLineTranopy-300x300.jpeg\"\/>\r\n\t\t\t\t\t<img decoding=\"async\" class=\"sp-thumbnail\" src=\"https:\/\/jacoholidays.com\/wp-content\/uploads\/2018\/09\/Jacotranopy-300x300.jpeg\"\/>\r\n\t\t\t\t\t<img decoding=\"async\" class=\"sp-thumbnail\" src=\"https:\/\/jacoholidays.com\/wp-content\/uploads\/2018\/09\/JacoBeachTranopy-300x300.jpeg\"\/>\r\n\t\t\t<\/div>\r\n\t\t<!-- slides thumbnails div end -->\r\n\t\r\n<\/div>\r\n<br \/>\n[\/et_pb_text][\/et_pb_column][et_pb_column type=\u00bb1_2&#8243; _builder_version=\u00bb3.25&#8243; custom_padding=\u00bb|||\u00bb custom_padding__hover=\u00bb|||\u00bb][et_pb_text _builder_version=\u00bb4.6.1&#8243; hover_enabled=\u00bb0&#8243; sticky_enabled=\u00bb0&#8243;]<\/p>\n<h2>Combo de Telef\u00e9rico + Canopy Zip Line cerca de Jaco, Costa Rica<\/h2>\n<p>Tour Tranopy (tranv\u00eda + tirolinas). Sube la monta\u00f1a en nuestras g\u00f3ndolas y vuela sobre las copas de los \u00e1rboles.<\/p>\n<p>Sienta la adrenalina real cuando vuele donde est\u00e1n los p\u00e1jaros con impresionantes vistas del oc\u00e9ano y una brisa fresca que refresca todo su cuerpo.<\/p>\n<p>[\/et_pb_text][et_pb_button button_url=\u00bbhttps:\/\/jacoholidays.com\/es\/contactanos\/\u00bb button_text=\u00bbReserva o consulta\u00bb button_alignment=\u00bbcenter\u00bb _builder_version=\u00bb4.6.1&#8243; hover_enabled=\u00bb0&#8243; button_text_size__hover_enabled=\u00bboff\u00bb button_text_size__hover=\u00bbnull\u00bb button_one_text_size__hover_enabled=\u00bboff\u00bb button_one_text_size__hover=\u00bbnull\u00bb button_two_text_size__hover_enabled=\u00bboff\u00bb button_two_text_size__hover=\u00bbnull\u00bb button_text_color__hover_enabled=\u00bboff\u00bb button_text_color__hover=\u00bbnull\u00bb button_one_text_color__hover_enabled=\u00bboff\u00bb button_one_text_color__hover=\u00bbnull\u00bb button_two_text_color__hover_enabled=\u00bboff\u00bb button_two_text_color__hover=\u00bbnull\u00bb button_border_width__hover_enabled=\u00bboff\u00bb button_border_width__hover=\u00bbnull\u00bb button_one_border_width__hover_enabled=\u00bboff\u00bb button_one_border_width__hover=\u00bbnull\u00bb button_two_border_width__hover_enabled=\u00bboff\u00bb button_two_border_width__hover=\u00bbnull\u00bb button_border_color__hover_enabled=\u00bboff\u00bb button_border_color__hover=\u00bbnull\u00bb button_one_border_color__hover_enabled=\u00bboff\u00bb button_one_border_color__hover=\u00bbnull\u00bb button_two_border_color__hover_enabled=\u00bboff\u00bb button_two_border_color__hover=\u00bbnull\u00bb button_border_radius__hover_enabled=\u00bboff\u00bb button_border_radius__hover=\u00bbnull\u00bb button_one_border_radius__hover_enabled=\u00bboff\u00bb button_one_border_radius__hover=\u00bbnull\u00bb button_two_border_radius__hover_enabled=\u00bboff\u00bb button_two_border_radius__hover=\u00bbnull\u00bb button_letter_spacing__hover_enabled=\u00bboff\u00bb button_letter_spacing__hover=\u00bbnull\u00bb button_one_letter_spacing__hover_enabled=\u00bboff\u00bb button_one_letter_spacing__hover=\u00bbnull\u00bb button_two_letter_spacing__hover_enabled=\u00bboff\u00bb button_two_letter_spacing__hover=\u00bbnull\u00bb button_bg_color__hover_enabled=\u00bboff\u00bb button_bg_color__hover=\u00bbnull\u00bb button_one_bg_color__hover_enabled=\u00bboff\u00bb button_one_bg_color__hover=\u00bbnull\u00bb button_two_bg_color__hover_enabled=\u00bboff\u00bb button_two_bg_color__hover=\u00bbnull\u00bb sticky_enabled=\u00bb0&#8243;][\/et_pb_button][\/et_pb_column][\/et_pb_row][et_pb_row column_structure=\u00bb2_3,1_3&#8243; _builder_version=\u00bb3.25&#8243;][et_pb_column type=\u00bb2_3&#8243; _builder_version=\u00bb3.25&#8243; custom_padding=\u00bb|||\u00bb custom_padding__hover=\u00bb|||\u00bb][et_pb_tabs _builder_version=\u00bb4.6.1&#8243; hover_enabled=\u00bb0&#8243; sticky_enabled=\u00bb0&#8243;][et_pb_tab title=\u00bbDescripci\u00f3n\u00bb _builder_version=\u00bb4.6.1&#8243; hover_enabled=\u00bb0&#8243; sticky_enabled=\u00bb0&#8243;]<\/p>\n<p>El sistema de rotura controlada permite la tirolesa sin tener que atrapar el cable para que puedas sentir sensaciones mientras vuelas sin preocupaciones.<\/p>\n<p>Para tu seguridad y comodidad, tambi\u00e9n contamos con cables dobles, un arn\u00e9s doble, una plataforma con pasamanos y equipos de alta gama para que tu aventura sea inolvidable.<\/p>\n<p>Este recorrido por el dosel incluye 10 cables y 15 plataformas, algunas de las cuales est\u00e1n conectadas a senderos naturales y pac\u00edficos. Es el campamento de tirolesa m\u00e1s seguro y entretenido de la costa del Pac\u00edfico Central.<\/p>\n<p>El tour incluye:<br \/>\u2022 Gu\u00eda naturalista certificado biling\u00fce<br \/>\u2022 Canopy Zip Lines (10 cables y 15 plataformas)<br \/>\u2022 Telef\u00e9rico (30 minutos)<\/p>\n<p>Tranv\u00eda a\u00e9reo<br \/>Explore todos los niveles del bosque de transici\u00f3n tropical de Costa Rica desde el suelo hasta las copas de los \u00e1rboles.<\/p>\n<p>El exclusivo viaje en tranv\u00eda le permite descubrir todos los secretos del bosque mientras se asoma sobre las copas de los \u00e1rboles mientras disfruta de hermosas vistas del oc\u00e9ano, un ambiente relajado y una experiencia pac\u00edfica en armon\u00eda con la naturaleza.<\/p>\n<p>Zip-line: 10 cables y 15 plataformas<br \/>Vuela sobre las copas de los \u00e1rboles. Sienta la adrenalina real cuando vuele donde est\u00e1n los p\u00e1jaros con impresionantes vistas del oc\u00e9ano y una brisa fresca que refresca todo su cuerpo.<\/p>\n<p>Con 10 cables y 15 plataformas, algunas de las cuales est\u00e1n conectadas por tranquilos senderos naturales, este es el campamento de tirolesa m\u00e1s seguro y entretenido de la costa del Pac\u00edfico central.<\/p>\n<p>ANUNCIO IMPORTANTE:<br \/>Los zapatos cerrados son OBLIGATORIOS para todas las atracciones, excepto el telef\u00e9rico.<\/p>\n<p>Horario del tour:<br \/>\u2022 07:30<br \/>\u2022 10:00 AM DE LA MA\u00d1ANA<br \/>\u2022 14:00<\/p>\n<p>NOTA: Se requieren zapatos cerrados.<\/p>\n<p>* Transporte gratuito a hoteles entre Backyard Hotel en Playa Hermosa y Villa Lapas en T\u00e1rcoles<\/p>\n<p>[\/et_pb_tab][\/et_pb_tabs][\/et_pb_column][et_pb_column type=\u00bb1_3&#8243; _builder_version=\u00bb3.25&#8243; custom_padding=\u00bb|||\u00bb custom_padding__hover=\u00bb|||\u00bb][et_pb_text _builder_version=\u00bb4.6.1&#8243; custom_padding=\u00bb|20px||20px\u00bb hover_enabled=\u00bb0&#8243; border_width_all=\u00bb2px\u00bb border_color_all=\u00bb#2e3b4e\u00bb sticky_enabled=\u00bb0&#8243;]&nbsp;<\/p>\n<p style=\"text-align: center;\"><strong><span style=\"font-size: 18pt;\">\u00bfNecesita ayuda para planificar sus vacaciones?<\/span><\/strong><\/p>\n<p style=\"text-align: left;\"><script type=\"text\/javascript\">var gform;gform||(document.addEventListener(\"gform_main_scripts_loaded\",function(){gform.scriptsLoaded=!0}),window.addEventListener(\"DOMContentLoaded\",function(){gform.domLoaded=!0}),gform={domLoaded:!1,scriptsLoaded:!1,initializeOnLoaded:function(o){gform.domLoaded&&gform.scriptsLoaded?o():!gform.domLoaded&&gform.scriptsLoaded?window.addEventListener(\"DOMContentLoaded\",o):document.addEventListener(\"gform_main_scripts_loaded\",o)},hooks:{action:{},filter:{}},addAction:function(o,n,r,t){gform.addHook(\"action\",o,n,r,t)},addFilter:function(o,n,r,t){gform.addHook(\"filter\",o,n,r,t)},doAction:function(o){gform.doHook(\"action\",o,arguments)},applyFilters:function(o){return gform.doHook(\"filter\",o,arguments)},removeAction:function(o,n){gform.removeHook(\"action\",o,n)},removeFilter:function(o,n,r){gform.removeHook(\"filter\",o,n,r)},addHook:function(o,n,r,t,i){null==gform.hooks[o][n]&&(gform.hooks[o][n]=[]);var e=gform.hooks[o][n];null==i&&(i=n+\"_\"+e.length),gform.hooks[o][n].push({tag:i,callable:r,priority:t=null==t?10:t})},doHook:function(n,o,r){var t;if(r=Array.prototype.slice.call(r,1),null!=gform.hooks[n][o]&&((o=gform.hooks[n][o]).sort(function(o,n){return o.priority-n.priority}),o.forEach(function(o){\"function\"!=typeof(t=o.callable)&&(t=window[t]),\"action\"==n?t.apply(null,r):r[0]=t.apply(null,r)})),\"filter\"==n)return r[0]},removeHook:function(o,n,t,i){var r;null!=gform.hooks[o][n]&&(r=(r=gform.hooks[o][n]).filter(function(o,n,r){return!!(null!=i&&i!=o.tag||null!=t&&t!=o.priority)}),gform.hooks[o][n]=r)}});<\/script>\n                <div class='gf_browser_gecko gform_wrapper gform_legacy_markup_wrapper gform-theme--no-framework' data-form-theme='legacy' data-form-index='0' id='gform_wrapper_17' ><form method='post' enctype='multipart\/form-data'  id='gform_17'  action='\/es\/wp-json\/wp\/v2\/pages\/216549' data-formid='17' >\n                        <div class='gform-body gform_body'><ul id='gform_fields_17' class='gform_fields top_label form_sublabel_below description_below'><li id=\"field_17_1\"  class=\"gfield gfield--type-name gfield_contains_required field_sublabel_below gfield--no-description field_description_below gfield_visibility_visible\"  data-js-reload=\"field_17_1\"><label class='gfield_label gform-field-label gfield_label_before_complex'  >Nombre<span class=\"gfield_required\"><span class=\"gfield_required gfield_required_asterisk\">*<\/span><\/span><\/label><div class='ginput_complex ginput_container ginput_container--name no_prefix has_first_name no_middle_name no_last_name no_suffix gf_name_has_1 ginput_container_name gform-grid-row' id='input_17_1'>\n                            \n                            <span id='input_17_1_3_container' class='name_first gform-grid-col gform-grid-col--size-auto' >\n                                                    <input type='text' name='input_1.3' id='input_17_1_3' value=''   aria-required='true'     \/>\n                                                    <label for='input_17_1_3' class='gform-field-label gform-field-label--type-sub '>Nombre<\/label>\n                                                <\/span>\n                            \n                            \n                            \n                        <\/div><\/li><li id=\"field_17_2\"  class=\"gfield gfield--type-email gfield_contains_required field_sublabel_below gfield--no-description field_description_below gfield_visibility_visible\"  data-js-reload=\"field_17_2\"><label class='gfield_label gform-field-label' for='input_17_2' >Correo Electronico<span class=\"gfield_required\"><span class=\"gfield_required gfield_required_asterisk\">*<\/span><\/span><\/label><div class='ginput_container ginput_container_email'>\n                            <input name='input_2' id='input_17_2' type='text' value='' class='large'    aria-required=\"true\" aria-invalid=\"false\"  \/>\n                        <\/div><\/li><li id=\"field_17_3\"  class=\"gfield gfield--type-phone field_sublabel_below gfield--no-description field_description_below gfield_visibility_visible\"  data-js-reload=\"field_17_3\"><label class='gfield_label gform-field-label' for='input_17_3' >Tel\u00e9fono de contacto<\/label><div class='ginput_container ginput_container_phone'><input name='input_3' id='input_17_3' type='text' value='' class='medium'    aria-invalid=\"false\"   \/><\/div><\/li><li id=\"field_17_4\"  class=\"gfield gfield--type-textarea gfield_contains_required field_sublabel_below gfield--no-description field_description_below gfield_visibility_visible\"  data-js-reload=\"field_17_4\"><label class='gfield_label gform-field-label' for='input_17_4' >Comentarios o mensaje<span class=\"gfield_required\"><span class=\"gfield_required gfield_required_asterisk\">*<\/span><\/span><\/label><div class='ginput_container ginput_container_textarea'><textarea name='input_4' id='input_17_4' class='textarea medium'     aria-required=\"true\" aria-invalid=\"false\"   rows='10' cols='50'><\/textarea><\/div><\/li><li id=\"field_17_5\"  class=\"gfield gfield--type-hidden gform_hidden field_sublabel_below gfield--no-description field_description_below gfield_visibility_visible\"  data-js-reload=\"field_17_5\"><div class='ginput_container ginput_container_text'><input name='input_5' id='input_17_5' type='hidden' class='gform_hidden'  aria-invalid=\"false\" value='' \/><\/div><\/li><\/ul><\/div>\n        <div class='gform_footer top_label'> <input type='submit' id='gform_submit_button_17' class='gform_button button' value='ENVIAR!'  onclick='if(window[\"gf_submitting_17\"]){return false;}  window[\"gf_submitting_17\"]=true;  ' onkeypress='if( event.keyCode == 13 ){ if(window[\"gf_submitting_17\"]){return false;} window[\"gf_submitting_17\"]=true;  jQuery(\"#gform_17\").trigger(\"submit\",[true]); }' \/> \n            <input type='hidden' class='gform_hidden' name='is_submit_17' value='1' \/>\n            <input type='hidden' class='gform_hidden' name='gform_submit' value='17' \/>\n            \n            <input type='hidden' class='gform_hidden' name='gform_unique_id' value='' \/>\n            <input type='hidden' class='gform_hidden' name='state_17' value='WyJbXSIsIjhiYzc2MGZmMThkZGUzMzQ4YTYwNGYwNjA0YzFlMDI1Il0=' \/>\n            <input type='hidden' class='gform_hidden' name='gform_target_page_number_17' id='gform_target_page_number_17' value='0' \/>\n            <input type='hidden' class='gform_hidden' name='gform_source_page_number_17' id='gform_source_page_number_17' value='1' \/>\n            <input type='hidden' name='gform_field_values' value='' \/>\n            \n        <\/div>\n                        <p style=\"display: none !important;\" class=\"akismet-fields-container\" data-prefix=\"ak_\"><label>&#916;<textarea name=\"ak_hp_textarea\" cols=\"45\" rows=\"8\" maxlength=\"100\"><\/textarea><\/label><input type=\"hidden\" id=\"ak_js_1\" name=\"ak_js\" value=\"82\"\/><script>document.getElementById( \"ak_js_1\" ).setAttribute( \"value\", ( new Date() ).getTime() );<\/script><\/p><\/form>\n                        <\/div><script type=\"text\/javascript\">\n\/* <![CDATA[ *\/\n gform.initializeOnLoaded( function() {gformInitSpinner( 17, 'https:\/\/jacoholidays.com\/wp-content\/plugins\/gravityforms\/images\/spinner.svg', true );jQuery('#gform_ajax_frame_17').on('load',function(){var contents = jQuery(this).contents().find('*').html();var is_postback = contents.indexOf('GF_AJAX_POSTBACK') >= 0;if(!is_postback){return;}var form_content = jQuery(this).contents().find('#gform_wrapper_17');var is_confirmation = jQuery(this).contents().find('#gform_confirmation_wrapper_17').length > 0;var is_redirect = contents.indexOf('gformRedirect(){') >= 0;var is_form = form_content.length > 0 && ! is_redirect && ! is_confirmation;var mt = parseInt(jQuery('html').css('margin-top'), 10) + parseInt(jQuery('body').css('margin-top'), 10) + 100;if(is_form){jQuery('#gform_wrapper_17').html(form_content.html());if(form_content.hasClass('gform_validation_error')){jQuery('#gform_wrapper_17').addClass('gform_validation_error');} else {jQuery('#gform_wrapper_17').removeClass('gform_validation_error');}setTimeout( function() { \/* delay the scroll by 50 milliseconds to fix a bug in chrome *\/  }, 50 );if(window['gformInitDatepicker']) {gformInitDatepicker();}if(window['gformInitPriceFields']) {gformInitPriceFields();}var current_page = jQuery('#gform_source_page_number_17').val();gformInitSpinner( 17, 'https:\/\/jacoholidays.com\/wp-content\/plugins\/gravityforms\/images\/spinner.svg', true );jQuery(document).trigger('gform_page_loaded', [17, current_page]);window['gf_submitting_17'] = false;}else if(!is_redirect){var confirmation_content = jQuery(this).contents().find('.GF_AJAX_POSTBACK').html();if(!confirmation_content){confirmation_content = contents;}setTimeout(function(){jQuery('#gform_wrapper_17').replaceWith(confirmation_content);jQuery(document).trigger('gform_confirmation_loaded', [17]);window['gf_submitting_17'] = false;wp.a11y.speak(jQuery('#gform_confirmation_message_17').text());}, 50);}else{jQuery('#gform_17').append(contents);if(window['gformRedirect']) {gformRedirect();}}jQuery(document).trigger('gform_post_render', [17, current_page]);gform.utils.trigger({ event: 'gform\/postRender', native: false, data: { formId: 17, currentPage: current_page } });} );} ); \n\/* ]]> *\/\n<\/script>\n<\/p>\n<p>[\/et_pb_text][\/et_pb_column][\/et_pb_row][\/et_pb_section]<\/p>\n","protected":false},"excerpt":{"rendered":"<p>[et_pb_section fb_built=\u00bb1&#8243; inner_shadow=\u00bbon\u00bb _builder_version=\u00bb3.22&#8243;][et_pb_row column_structure=\u00bb1_2,1_2&#8243; _builder_version=\u00bb3.25&#8243;][et_pb_column type=\u00bb1_2&#8243; _builder_version=\u00bb3.25&#8243; custom_padding=\u00bb|||\u00bb custom_padding__hover=\u00bb|||\u00bb][et_pb_text _builder_version=\u00bb3.27.4&#8243;] [\/et_pb_text][\/et_pb_column][et_pb_column type=\u00bb1_2&#8243; _builder_version=\u00bb3.25&#8243; custom_padding=\u00bb|||\u00bb custom_padding__hover=\u00bb|||\u00bb][et_pb_text _builder_version=\u00bb4.6.1&#8243; hover_enabled=\u00bb0&#8243; sticky_enabled=\u00bb0&#8243;] Combo de Telef\u00e9rico + Canopy Zip Line cerca de Jaco, Costa Rica Tour Tranopy (tranv\u00eda + tirolinas). Sube la monta\u00f1a en nuestras g\u00f3ndolas y vuela sobre las copas de los \u00e1rboles. Sienta la adrenalina real cuando [&hellip;]<\/p>\n","protected":false},"author":1,"featured_media":0,"parent":216563,"menu_order":0,"comment_status":"closed","ping_status":"closed","template":"","meta":{"_et_pb_use_builder":"on","_et_pb_old_content":"","_et_gb_content_width":"","footnotes":""},"class_list":["post-216549","page","type-page","status-publish","hentry"],"_links":{"self":[{"href":"https:\/\/jacoholidays.com\/es\/wp-json\/wp\/v2\/pages\/216549","targetHints":{"allow":["GET"]}}],"collection":[{"href":"https:\/\/jacoholidays.com\/es\/wp-json\/wp\/v2\/pages"}],"about":[{"href":"https:\/\/jacoholidays.com\/es\/wp-json\/wp\/v2\/types\/page"}],"author":[{"embeddable":true,"href":"https:\/\/jacoholidays.com\/es\/wp-json\/wp\/v2\/users\/1"}],"replies":[{"embeddable":true,"href":"https:\/\/jacoholidays.com\/es\/wp-json\/wp\/v2\/comments?post=216549"}],"version-history":[{"count":2,"href":"https:\/\/jacoholidays.com\/es\/wp-json\/wp\/v2\/pages\/216549\/revisions"}],"predecessor-version":[{"id":216552,"href":"https:\/\/jacoholidays.com\/es\/wp-json\/wp\/v2\/pages\/216549\/revisions\/216552"}],"up":[{"embeddable":true,"href":"https:\/\/jacoholidays.com\/es\/wp-json\/wp\/v2\/pages\/216563"}],"wp:attachment":[{"href":"https:\/\/jacoholidays.com\/es\/wp-json\/wp\/v2\/media?parent=216549"}],"curies":[{"name":"wp","href":"https:\/\/api.w.org\/{rel}","templated":true}]}}