{"id":216749,"date":"2019-12-20T21:56:33","date_gmt":"2019-12-20T21:56:33","guid":{"rendered":"https:\/\/jacoholidays.com\/tour-de-cuadra-por-jagua-riders\/"},"modified":"2020-09-16T12:39:37","modified_gmt":"2020-09-16T12:39:37","slug":"tour-de-cuadra-por-jagua-riders","status":"publish","type":"page","link":"https:\/\/jacoholidays.com\/es\/tours-actividades\/tour-de-cudraciclo\/tour-de-cuadra-por-jagua-riders\/","title":{"rendered":"Tour de Cuadra por Jagua Riders"},"content":{"rendered":"<p>[et_pb_section fb_built=\u00bb1&#8243; inner_shadow=\u00bbon\u00bb _builder_version=\u00bb3.22&#8243;][et_pb_row column_structure=\u00bb1_2,1_2&#8243; _builder_version=\u00bb3.25&#8243;][et_pb_column type=\u00bb1_2&#8243; _builder_version=\u00bb3.25&#8243; custom_padding=\u00bb|||\u00bb custom_padding__hover=\u00bb|||\u00bb][et_pb_text _builder_version=\u00bb4.0.9&#8243;]<script type=\"text\/javascript\">\r\n\tjQuery( document ).ready(function( jQuery ) {\r\n\t\tjQuery( '#example3_216060' ).sliderPro({\r\n\t\t\t\/\/width\r\n\t\t\t\t\t\twidth: 1000,\r\n\t\t\t\t\t\t\r\n\t\t\t\/\/height\r\n\t\t\t\t\t\theight: 500,\r\n\t\t\t\t\t\t\r\n\t\t\t\/\/autoplay\r\n\t\t\t\t\t\tautoplay:  true,\r\n\t\t\tautoplayOnHover: 'none',\r\n\t\t\t\t\t\t\t\t\t\t\t\tautoplayDelay: 5000,\r\n\t\t\t\r\n\t\t\t\r\n\t\t\tarrows: true,\r\n\t\t\tbuttons: true,\r\n\t\t\tsmallSize: 500,\r\n\t\t\tmediumSize: 1000,\r\n\t\t\tlargeSize: 3000,\r\n\t\t\tfade: true,\r\n\t\t\t\r\n\t\t\t\/\/thumbnail\r\n\t\t\tthumbnailArrows: true,\r\n\t\t\tthumbnailWidth: 100,\r\n\t\t\tthumbnailHeight: 120,\r\n\t\t\t\t\t\t\t\t\tthumbnailsPosition: 'bottom',\r\n\t\t\t\t\t\t\t\t\tcenterImage: true,\r\n\t\t\tallowScaleUp: true,\r\n\t\t\t\t\t\tstartSlide: 0,\r\n\t\t\tloop: true,\r\n\t\t\tslideDistance: 5,\r\n\t\t\tautoplayDirection: 'normal',\r\n\t\t\ttouchSwipe: true,\r\n\t\t\tfullScreen: true,\r\n\t\t});\r\n\t});\r\n<\/script>\r\n<style>\r\n\/* Example 3 *\/\r\n\r\n\/* border *\/\r\n#example3_216060 .sp-selected-thumbnail {\r\n\tborder: 4px solid #000000;\r\n}\r\n\r\n\/* font + color *\/\r\n.title-in  {\r\n\tfont-family: Arial !important;\r\n\tcolor: #000000 !important;\r\n\tbackground-color: #FFFFFF !important;\r\n\topacity: 0.7 !important;\r\n}\r\n.desc-in  {\r\n\tfont-family: Arial !important;\r\n\tcolor: #FFFFFF !important;\r\n\tbackground-color: #000000 !important;\r\n\topacity: 0.7 !important;\r\n}\r\n\r\n\/* bullets color *\/\r\n.sp-button  {\r\n\tborder: 2px solid #000000 !important;\r\n}\r\n.sp-selected-button  {\r\n\tbackground-color: #000000 !important;\r\n}\r\n\r\n\/* pointer color - bottom *\/\r\n.sp-selected-thumbnail::before {\r\n\tborder-bottom: 5px solid #000000 !important;\r\n}\r\n.sp-selected-thumbnail::after {\r\n\tborder-bottom: 13px solid #000000 !important;\r\n}\r\n\r\n\/* pointer color - top *\/\r\n\r\n\r\n\/* full screen icon *\/\r\n.sp-full-screen-button::before {\r\n    color: #FFFFFF !important;\r\n}\r\n\r\n\/* hover navigation icon color *\/\r\n.sp-next-arrow::after, .sp-next-arrow::before {\r\n\tbackground-color: #FFFFFF !important;\r\n}\r\n.sp-previous-arrow::after, .sp-previous-arrow::before {\r\n\tbackground-color: #FFFFFF !important;\r\n}\r\n\r\n\r\n#example3_216060 .title-in {\r\n\tcolor:  !important;\r\n\tfont-weight: bolder;\r\n\ttext-align: center;\r\n}\r\n\r\n#example3_216060 .title-in-bg {\r\n\tbackground: rgba(255, 255, 255, 0.7); !important;\r\n\twhite-space: unset !important;\r\n\tmax-width: 90%;\r\n\tmin-width: 40%;\r\n\ttransform: initial !important;\r\n\t-webkit-transform: initial !important;\r\n\tfont-size: 14px !important;\r\n}\r\n\r\n#example3_216060 .desc-in {\r\n\tcolor:  !important;\r\n\ttext-align: center;\r\n}\r\n#example3_216060 .desc-in-bg {\r\n\tbackground: rgba(, ) !important;\r\n\twhite-space: unset !important;\r\n\twidth: 80% !important;\r\n\tmin-width: 30%;\r\n\ttransform: initial !important;\r\n\t-webkit-transform: initial !important;\r\n\tfont-size: 13px !important;\r\n}\r\n\r\n@media (max-width: 640px) {\r\n\t#example3_216060 .hide-small-screen {\r\n\t\tdisplay: none;\r\n\t}\r\n}\r\n\r\n@media (max-width: 860px) {\r\n\t#example3_216060 .sp-layer {\r\n\t\tfont-size: 18px;\r\n\t}\r\n\t\r\n\t#example3_216060 .hide-medium-screen {\r\n\t\tdisplay: none;\r\n\t}\r\n}\r\n\/* Custom CSS *\/\r\n<\/style>\r\n<h3 class=\"uris-slider-title\">Jagua Riders ATV Adventures <\/h3>\r\n<div id=\"example3_216060\" class=\"slider-pro\">\r\n\t<!---- slides div start ---->\r\n\t<div class=\"sp-slides\">\r\n\t\t\t\t<div class=\"sp-slide\">\r\n\t\t\t<img decoding=\"async\" class=\"sp-image\" alt=\"\" src=\"\" \r\n\t\t\t\tdata-src=\"https:\/\/jacoholidays.com\/wp-content\/uploads\/2019\/12\/JacoATV-Tours.jpg\"\r\n\t\t\t\tdata-small=\"https:\/\/jacoholidays.com\/wp-content\/uploads\/2019\/12\/JacoATV-Tours.jpg\"\r\n\t\t\t\tdata-medium=\"https:\/\/jacoholidays.com\/wp-content\/uploads\/2019\/12\/JacoATV-Tours.jpg\"\r\n\t\t\t\tdata-large=\"https:\/\/jacoholidays.com\/wp-content\/uploads\/2019\/12\/JacoATV-Tours.jpg\"\r\n\t\t\t\tdata-retina=\"https:\/\/jacoholidays.com\/wp-content\/uploads\/2019\/12\/JacoATV-Tours.jpg\"\/>\r\n\r\n\t\t\t\r\n\t\t\t\t\t<\/div>\r\n\t\t\t\t<div class=\"sp-slide\">\r\n\t\t\t<img decoding=\"async\" class=\"sp-image\" alt=\"\" src=\"\" \r\n\t\t\t\tdata-src=\"https:\/\/jacoholidays.com\/wp-content\/uploads\/2019\/12\/JacoATVAdventures.jpg\"\r\n\t\t\t\tdata-small=\"https:\/\/jacoholidays.com\/wp-content\/uploads\/2019\/12\/JacoATVAdventures.jpg\"\r\n\t\t\t\tdata-medium=\"https:\/\/jacoholidays.com\/wp-content\/uploads\/2019\/12\/JacoATVAdventures.jpg\"\r\n\t\t\t\tdata-large=\"https:\/\/jacoholidays.com\/wp-content\/uploads\/2019\/12\/JacoATVAdventures.jpg\"\r\n\t\t\t\tdata-retina=\"https:\/\/jacoholidays.com\/wp-content\/uploads\/2019\/12\/JacoATVAdventures.jpg\"\/>\r\n\r\n\t\t\t\r\n\t\t\t\t\t<\/div>\r\n\t\t\t\t<div class=\"sp-slide\">\r\n\t\t\t<img decoding=\"async\" class=\"sp-image\" alt=\"\" src=\"\" \r\n\t\t\t\tdata-src=\"https:\/\/jacoholidays.com\/wp-content\/uploads\/2019\/12\/ATVToursinJaco.jpg\"\r\n\t\t\t\tdata-small=\"https:\/\/jacoholidays.com\/wp-content\/uploads\/2019\/12\/ATVToursinJaco.jpg\"\r\n\t\t\t\tdata-medium=\"https:\/\/jacoholidays.com\/wp-content\/uploads\/2019\/12\/ATVToursinJaco.jpg\"\r\n\t\t\t\tdata-large=\"https:\/\/jacoholidays.com\/wp-content\/uploads\/2019\/12\/ATVToursinJaco.jpg\"\r\n\t\t\t\tdata-retina=\"https:\/\/jacoholidays.com\/wp-content\/uploads\/2019\/12\/ATVToursinJaco.jpg\"\/>\r\n\r\n\t\t\t\r\n\t\t\t\t\t<\/div>\r\n\t\t\t\t<div class=\"sp-slide\">\r\n\t\t\t<img decoding=\"async\" class=\"sp-image\" alt=\"\" src=\"\" \r\n\t\t\t\tdata-src=\"https:\/\/jacoholidays.com\/wp-content\/uploads\/2019\/12\/atvtourscostaricajaco.jpg\"\r\n\t\t\t\tdata-small=\"https:\/\/jacoholidays.com\/wp-content\/uploads\/2019\/12\/atvtourscostaricajaco.jpg\"\r\n\t\t\t\tdata-medium=\"https:\/\/jacoholidays.com\/wp-content\/uploads\/2019\/12\/atvtourscostaricajaco.jpg\"\r\n\t\t\t\tdata-large=\"https:\/\/jacoholidays.com\/wp-content\/uploads\/2019\/12\/atvtourscostaricajaco.jpg\"\r\n\t\t\t\tdata-retina=\"https:\/\/jacoholidays.com\/wp-content\/uploads\/2019\/12\/atvtourscostaricajaco.jpg\"\/>\r\n\r\n\t\t\t\r\n\t\t\t\t\t<\/div>\r\n\t\t\t\t\r\n\t<\/div>\r\n\t\r\n\t<!---- slides div end ---->\r\n\t\t<!-- slides thumbnails div start -->\r\n\t<div class=\"sp-thumbnails\">\r\n\t\t\t\t\t<img decoding=\"async\" class=\"sp-thumbnail\" src=\"https:\/\/jacoholidays.com\/wp-content\/uploads\/2019\/12\/JacoATV-Tours-300x300.jpg\"\/>\r\n\t\t\t\t\t<img decoding=\"async\" class=\"sp-thumbnail\" src=\"https:\/\/jacoholidays.com\/wp-content\/uploads\/2019\/12\/JacoATVAdventures-300x300.jpg\"\/>\r\n\t\t\t\t\t<img decoding=\"async\" class=\"sp-thumbnail\" src=\"https:\/\/jacoholidays.com\/wp-content\/uploads\/2019\/12\/ATVToursinJaco-300x300.jpg\"\/>\r\n\t\t\t\t\t<img decoding=\"async\" class=\"sp-thumbnail\" src=\"https:\/\/jacoholidays.com\/wp-content\/uploads\/2019\/12\/atvtourscostaricajaco-300x300.jpg\"\/>\r\n\t\t\t<\/div>\r\n\t\t<!-- slides thumbnails div end -->\r\n\t\r\n<\/div>\r\n[\/et_pb_text][\/et_pb_column][et_pb_column type=\u00bb1_2&#8243; _builder_version=\u00bb3.25&#8243; custom_padding=\u00bb|||\u00bb custom_padding__hover=\u00bb|||\u00bb][et_pb_text _builder_version=\u00bb4.6.1&#8243;]<\/p>\n<h1>Tour de Cuadra por Jagua Riders<\/h1>\n<p>Descripci\u00f3n de circuitos ATV.<\/p>\n<p>Todas nuestras visitas a tus particulares. Continuar\u00e1 teniendo un gu\u00eda experimentado que lo guiar\u00e1 a su propio ritmo. Los senderos sus caminos de tierra y grava son accesibles.<\/p>\n<p>[\/et_pb_text][et_pb_button button_url=\u00bbhttps:\/\/jacoholidays.com\/es\/contactanos\/\u00bb button_text=\u00bbReserva o consulta\u00bb button_alignment=\u00bbcenter\u00bb _builder_version=\u00bb4.6.1&#8243; button_text_size__hover_enabled=\u00bboff\u00bb button_text_size__hover=\u00bbnull\u00bb button_one_text_size__hover_enabled=\u00bboff\u00bb button_one_text_size__hover=\u00bbnull\u00bb button_two_text_size__hover_enabled=\u00bboff\u00bb button_two_text_size__hover=\u00bbnull\u00bb button_text_color__hover_enabled=\u00bboff\u00bb button_text_color__hover=\u00bbnull\u00bb button_one_text_color__hover_enabled=\u00bboff\u00bb button_one_text_color__hover=\u00bbnull\u00bb button_two_text_color__hover_enabled=\u00bboff\u00bb button_two_text_color__hover=\u00bbnull\u00bb button_border_width__hover_enabled=\u00bboff\u00bb button_border_width__hover=\u00bbnull\u00bb button_one_border_width__hover_enabled=\u00bboff\u00bb button_one_border_width__hover=\u00bbnull\u00bb button_two_border_width__hover_enabled=\u00bboff\u00bb button_two_border_width__hover=\u00bbnull\u00bb button_border_color__hover_enabled=\u00bboff\u00bb button_border_color__hover=\u00bbnull\u00bb button_one_border_color__hover_enabled=\u00bboff\u00bb button_one_border_color__hover=\u00bbnull\u00bb button_two_border_color__hover_enabled=\u00bboff\u00bb button_two_border_color__hover=\u00bbnull\u00bb button_border_radius__hover_enabled=\u00bboff\u00bb button_border_radius__hover=\u00bbnull\u00bb button_one_border_radius__hover_enabled=\u00bboff\u00bb button_one_border_radius__hover=\u00bbnull\u00bb button_two_border_radius__hover_enabled=\u00bboff\u00bb button_two_border_radius__hover=\u00bbnull\u00bb button_letter_spacing__hover_enabled=\u00bboff\u00bb button_letter_spacing__hover=\u00bbnull\u00bb button_one_letter_spacing__hover_enabled=\u00bboff\u00bb button_one_letter_spacing__hover=\u00bbnull\u00bb button_two_letter_spacing__hover_enabled=\u00bboff\u00bb button_two_letter_spacing__hover=\u00bbnull\u00bb button_bg_color__hover_enabled=\u00bboff\u00bb button_bg_color__hover=\u00bbnull\u00bb button_one_bg_color__hover_enabled=\u00bboff\u00bb button_one_bg_color__hover=\u00bbnull\u00bb button_two_bg_color__hover_enabled=\u00bboff\u00bb button_two_bg_color__hover=\u00bbnull\u00bb][\/et_pb_button][\/et_pb_column][\/et_pb_row][et_pb_row column_structure=\u00bb2_3,1_3&#8243; _builder_version=\u00bb3.25&#8243;][et_pb_column type=\u00bb2_3&#8243; _builder_version=\u00bb3.25&#8243; custom_padding=\u00bb|||\u00bb custom_padding__hover=\u00bb|||\u00bb][et_pb_tabs _builder_version=\u00bb4.6.1&#8243;][et_pb_tab title=\u00bbDescripci\u00f3n\u00bb _builder_version=\u00bb4.6.1&#8243;]<\/p>\n<p>Todos est\u00e1n alineados en un solo archivo que se reproduce a una velocidad que se adapta a la experiencia, manteniendo un alto nivel de seguridad. Adem\u00e1s de la conducci\u00f3n y el tama\u00f1o del grupo. Antes de abandonar la visita, brindamos una breve sesi\u00f3n informativa en la que se reciben las instrucciones correspondientes.<\/p>\n<p>Salimos de nuestro almac\u00e9n ubicado en Quebrada Amarilla y tomamos directamente los caminos de tierra que condenan los sitios monta\u00f1osos. Disfrute de un hermoso paisaje que ha atravesado campos ganaderos, fincas, peque\u00f1as calas, r\u00edos, puentes, un bosque con diversa vegetaci\u00f3n, peque\u00f1os pueblos rurales y otros hermosos atractivos que combinan la verdadera vida tradicional del pa\u00eds. Costa Rica<\/p>\n<p>[\/et_pb_tab][\/et_pb_tabs][\/et_pb_column][et_pb_column type=\u00bb1_3&#8243; _builder_version=\u00bb3.25&#8243; custom_padding=\u00bb|||\u00bb custom_padding__hover=\u00bb|||\u00bb][et_pb_text _builder_version=\u00bb4.6.1&#8243; custom_padding=\u00bb|20px||20px\u00bb border_width_all=\u00bb2px\u00bb border_color_all=\u00bb#2e3b4e\u00bb]&nbsp;<\/p>\n<p style=\"text-align: center;\"><strong><span style=\"font-size: 18pt;\">\u00bfNecesita ayuda para planificar sus vacaciones?<\/span><\/strong><\/p>\n<p style=\"text-align: left;\"><script type=\"text\/javascript\">var gform;gform||(document.addEventListener(\"gform_main_scripts_loaded\",function(){gform.scriptsLoaded=!0}),window.addEventListener(\"DOMContentLoaded\",function(){gform.domLoaded=!0}),gform={domLoaded:!1,scriptsLoaded:!1,initializeOnLoaded:function(o){gform.domLoaded&&gform.scriptsLoaded?o():!gform.domLoaded&&gform.scriptsLoaded?window.addEventListener(\"DOMContentLoaded\",o):document.addEventListener(\"gform_main_scripts_loaded\",o)},hooks:{action:{},filter:{}},addAction:function(o,n,r,t){gform.addHook(\"action\",o,n,r,t)},addFilter:function(o,n,r,t){gform.addHook(\"filter\",o,n,r,t)},doAction:function(o){gform.doHook(\"action\",o,arguments)},applyFilters:function(o){return gform.doHook(\"filter\",o,arguments)},removeAction:function(o,n){gform.removeHook(\"action\",o,n)},removeFilter:function(o,n,r){gform.removeHook(\"filter\",o,n,r)},addHook:function(o,n,r,t,i){null==gform.hooks[o][n]&&(gform.hooks[o][n]=[]);var e=gform.hooks[o][n];null==i&&(i=n+\"_\"+e.length),gform.hooks[o][n].push({tag:i,callable:r,priority:t=null==t?10:t})},doHook:function(n,o,r){var t;if(r=Array.prototype.slice.call(r,1),null!=gform.hooks[n][o]&&((o=gform.hooks[n][o]).sort(function(o,n){return o.priority-n.priority}),o.forEach(function(o){\"function\"!=typeof(t=o.callable)&&(t=window[t]),\"action\"==n?t.apply(null,r):r[0]=t.apply(null,r)})),\"filter\"==n)return r[0]},removeHook:function(o,n,t,i){var r;null!=gform.hooks[o][n]&&(r=(r=gform.hooks[o][n]).filter(function(o,n,r){return!!(null!=i&&i!=o.tag||null!=t&&t!=o.priority)}),gform.hooks[o][n]=r)}});<\/script>\n                <div class='gf_browser_gecko gform_wrapper gform_legacy_markup_wrapper gform-theme--no-framework' data-form-theme='legacy' data-form-index='0' id='gform_wrapper_17' ><form method='post' enctype='multipart\/form-data'  id='gform_17'  action='\/es\/wp-json\/wp\/v2\/pages\/216749' data-formid='17' >\n                        <div class='gform-body gform_body'><ul id='gform_fields_17' class='gform_fields top_label form_sublabel_below description_below'><li id=\"field_17_1\"  class=\"gfield gfield--type-name gfield_contains_required field_sublabel_below gfield--no-description field_description_below gfield_visibility_visible\"  data-js-reload=\"field_17_1\"><label class='gfield_label gform-field-label gfield_label_before_complex'  >Nombre<span class=\"gfield_required\"><span class=\"gfield_required gfield_required_asterisk\">*<\/span><\/span><\/label><div class='ginput_complex ginput_container ginput_container--name no_prefix has_first_name no_middle_name no_last_name no_suffix gf_name_has_1 ginput_container_name gform-grid-row' id='input_17_1'>\n                            \n                            <span id='input_17_1_3_container' class='name_first gform-grid-col gform-grid-col--size-auto' >\n                                                    <input type='text' name='input_1.3' id='input_17_1_3' value=''   aria-required='true'     \/>\n                                                    <label for='input_17_1_3' class='gform-field-label gform-field-label--type-sub '>Nombre<\/label>\n                                                <\/span>\n                            \n                            \n                            \n                        <\/div><\/li><li id=\"field_17_2\"  class=\"gfield gfield--type-email gfield_contains_required field_sublabel_below gfield--no-description field_description_below gfield_visibility_visible\"  data-js-reload=\"field_17_2\"><label class='gfield_label gform-field-label' for='input_17_2' >Correo Electronico<span class=\"gfield_required\"><span class=\"gfield_required gfield_required_asterisk\">*<\/span><\/span><\/label><div class='ginput_container ginput_container_email'>\n                            <input name='input_2' id='input_17_2' type='text' value='' class='large'    aria-required=\"true\" aria-invalid=\"false\"  \/>\n                        <\/div><\/li><li id=\"field_17_3\"  class=\"gfield gfield--type-phone field_sublabel_below gfield--no-description field_description_below gfield_visibility_visible\"  data-js-reload=\"field_17_3\"><label class='gfield_label gform-field-label' for='input_17_3' >Tel\u00e9fono de contacto<\/label><div class='ginput_container ginput_container_phone'><input name='input_3' id='input_17_3' type='text' value='' class='medium'    aria-invalid=\"false\"   \/><\/div><\/li><li id=\"field_17_4\"  class=\"gfield gfield--type-textarea gfield_contains_required field_sublabel_below gfield--no-description field_description_below gfield_visibility_visible\"  data-js-reload=\"field_17_4\"><label class='gfield_label gform-field-label' for='input_17_4' >Comentarios o mensaje<span class=\"gfield_required\"><span class=\"gfield_required gfield_required_asterisk\">*<\/span><\/span><\/label><div class='ginput_container ginput_container_textarea'><textarea name='input_4' id='input_17_4' class='textarea medium'     aria-required=\"true\" aria-invalid=\"false\"   rows='10' cols='50'><\/textarea><\/div><\/li><li id=\"field_17_5\"  class=\"gfield gfield--type-hidden gform_hidden field_sublabel_below gfield--no-description field_description_below gfield_visibility_visible\"  data-js-reload=\"field_17_5\"><div class='ginput_container ginput_container_text'><input name='input_5' id='input_17_5' type='hidden' class='gform_hidden'  aria-invalid=\"false\" value='' \/><\/div><\/li><\/ul><\/div>\n        <div class='gform_footer top_label'> <input type='submit' id='gform_submit_button_17' class='gform_button button' value='ENVIAR!'  onclick='if(window[\"gf_submitting_17\"]){return false;}  window[\"gf_submitting_17\"]=true;  ' onkeypress='if( event.keyCode == 13 ){ if(window[\"gf_submitting_17\"]){return false;} window[\"gf_submitting_17\"]=true;  jQuery(\"#gform_17\").trigger(\"submit\",[true]); }' \/> \n            <input type='hidden' class='gform_hidden' name='is_submit_17' value='1' \/>\n            <input type='hidden' class='gform_hidden' name='gform_submit' value='17' \/>\n            \n            <input type='hidden' class='gform_hidden' name='gform_unique_id' value='' \/>\n            <input type='hidden' class='gform_hidden' name='state_17' value='WyJbXSIsIjhiYzc2MGZmMThkZGUzMzQ4YTYwNGYwNjA0YzFlMDI1Il0=' \/>\n            <input type='hidden' class='gform_hidden' name='gform_target_page_number_17' id='gform_target_page_number_17' value='0' \/>\n            <input type='hidden' class='gform_hidden' name='gform_source_page_number_17' id='gform_source_page_number_17' value='1' \/>\n            <input type='hidden' name='gform_field_values' value='' \/>\n            \n        <\/div>\n                        <p style=\"display: none !important;\" class=\"akismet-fields-container\" data-prefix=\"ak_\"><label>&#916;<textarea name=\"ak_hp_textarea\" cols=\"45\" rows=\"8\" maxlength=\"100\"><\/textarea><\/label><input type=\"hidden\" id=\"ak_js_1\" name=\"ak_js\" value=\"90\"\/><script>document.getElementById( \"ak_js_1\" ).setAttribute( \"value\", ( new Date() ).getTime() );<\/script><\/p><\/form>\n                        <\/div><script type=\"text\/javascript\">\n\/* <![CDATA[ *\/\n gform.initializeOnLoaded( function() {gformInitSpinner( 17, 'https:\/\/jacoholidays.com\/wp-content\/plugins\/gravityforms\/images\/spinner.svg', true );jQuery('#gform_ajax_frame_17').on('load',function(){var contents = jQuery(this).contents().find('*').html();var is_postback = contents.indexOf('GF_AJAX_POSTBACK') >= 0;if(!is_postback){return;}var form_content = jQuery(this).contents().find('#gform_wrapper_17');var is_confirmation = jQuery(this).contents().find('#gform_confirmation_wrapper_17').length > 0;var is_redirect = contents.indexOf('gformRedirect(){') >= 0;var is_form = form_content.length > 0 && ! is_redirect && ! is_confirmation;var mt = parseInt(jQuery('html').css('margin-top'), 10) + parseInt(jQuery('body').css('margin-top'), 10) + 100;if(is_form){jQuery('#gform_wrapper_17').html(form_content.html());if(form_content.hasClass('gform_validation_error')){jQuery('#gform_wrapper_17').addClass('gform_validation_error');} else {jQuery('#gform_wrapper_17').removeClass('gform_validation_error');}setTimeout( function() { \/* delay the scroll by 50 milliseconds to fix a bug in chrome *\/  }, 50 );if(window['gformInitDatepicker']) {gformInitDatepicker();}if(window['gformInitPriceFields']) {gformInitPriceFields();}var current_page = jQuery('#gform_source_page_number_17').val();gformInitSpinner( 17, 'https:\/\/jacoholidays.com\/wp-content\/plugins\/gravityforms\/images\/spinner.svg', true );jQuery(document).trigger('gform_page_loaded', [17, current_page]);window['gf_submitting_17'] = false;}else if(!is_redirect){var confirmation_content = jQuery(this).contents().find('.GF_AJAX_POSTBACK').html();if(!confirmation_content){confirmation_content = contents;}setTimeout(function(){jQuery('#gform_wrapper_17').replaceWith(confirmation_content);jQuery(document).trigger('gform_confirmation_loaded', [17]);window['gf_submitting_17'] = false;wp.a11y.speak(jQuery('#gform_confirmation_message_17').text());}, 50);}else{jQuery('#gform_17').append(contents);if(window['gformRedirect']) {gformRedirect();}}jQuery(document).trigger('gform_post_render', [17, current_page]);gform.utils.trigger({ event: 'gform\/postRender', native: false, data: { formId: 17, currentPage: current_page } });} );} ); \n\/* ]]> *\/\n<\/script>\n<\/p>\n<p>[\/et_pb_text][\/et_pb_column][\/et_pb_row][\/et_pb_section]<\/p>\n","protected":false},"excerpt":{"rendered":"<p>[et_pb_section fb_built=\u00bb1&#8243; inner_shadow=\u00bbon\u00bb _builder_version=\u00bb3.22&#8243;][et_pb_row column_structure=\u00bb1_2,1_2&#8243; _builder_version=\u00bb3.25&#8243;][et_pb_column type=\u00bb1_2&#8243; _builder_version=\u00bb3.25&#8243; custom_padding=\u00bb|||\u00bb custom_padding__hover=\u00bb|||\u00bb][et_pb_text _builder_version=\u00bb4.0.9&#8243;][\/et_pb_text][\/et_pb_column][et_pb_column type=\u00bb1_2&#8243; _builder_version=\u00bb3.25&#8243; custom_padding=\u00bb|||\u00bb custom_padding__hover=\u00bb|||\u00bb][et_pb_text _builder_version=\u00bb4.6.1&#8243;] Tour de Cuadra por Jagua Riders Descripci\u00f3n de circuitos ATV. Todas nuestras visitas a tus particulares. Continuar\u00e1 teniendo un gu\u00eda experimentado que lo guiar\u00e1 a su propio ritmo. Los senderos sus caminos de tierra y grava son accesibles. [\/et_pb_text][et_pb_button [&hellip;]<\/p>\n","protected":false},"author":1,"featured_media":0,"parent":216758,"menu_order":0,"comment_status":"closed","ping_status":"closed","template":"","meta":{"_et_pb_use_builder":"on","_et_pb_old_content":"","_et_gb_content_width":"","footnotes":""},"class_list":["post-216749","page","type-page","status-publish","hentry"],"_links":{"self":[{"href":"https:\/\/jacoholidays.com\/es\/wp-json\/wp\/v2\/pages\/216749","targetHints":{"allow":["GET"]}}],"collection":[{"href":"https:\/\/jacoholidays.com\/es\/wp-json\/wp\/v2\/pages"}],"about":[{"href":"https:\/\/jacoholidays.com\/es\/wp-json\/wp\/v2\/types\/page"}],"author":[{"embeddable":true,"href":"https:\/\/jacoholidays.com\/es\/wp-json\/wp\/v2\/users\/1"}],"replies":[{"embeddable":true,"href":"https:\/\/jacoholidays.com\/es\/wp-json\/wp\/v2\/comments?post=216749"}],"version-history":[{"count":1,"href":"https:\/\/jacoholidays.com\/es\/wp-json\/wp\/v2\/pages\/216749\/revisions"}],"predecessor-version":[{"id":216750,"href":"https:\/\/jacoholidays.com\/es\/wp-json\/wp\/v2\/pages\/216749\/revisions\/216750"}],"up":[{"embeddable":true,"href":"https:\/\/jacoholidays.com\/es\/wp-json\/wp\/v2\/pages\/216758"}],"wp:attachment":[{"href":"https:\/\/jacoholidays.com\/es\/wp-json\/wp\/v2\/media?parent=216749"}],"curies":[{"name":"wp","href":"https:\/\/api.w.org\/{rel}","templated":true}]}}